{"id":1428,"date":"2022-06-30T01:31:43","date_gmt":"2022-06-30T01:31:43","guid":{"rendered":"https:\/\/ruminteriors.com\/?page_id=1428"},"modified":"2024-11-12T11:16:06","modified_gmt":"2024-11-12T11:16:06","slug":"politica-de-privacidad","status":"publish","type":"page","link":"https:\/\/ruminteriors.com\/es\/politica-de-privacidad\/","title":{"rendered":"Pol\u00edtica de privacidad"},"content":{"rendered":"\t\t<div data-elementor-type=\"wp-page\" data-elementor-id=\"1428\" class=\"elementor elementor-1428 elementor-3\" data-elementor-post-type=\"page\">\n\t\t\t\t\t\t\t\t\t<section class=\"elementor-section elementor-top-section elementor-element elementor-element-ced251d elementor-section-stretched legal-pages elementor-section-boxed elementor-section-height-default elementor-section-height-default\" data-id=\"ced251d\" data-element_type=\"section\" data-settings=\"{&quot;stretch_section&quot;:&quot;section-stretched&quot;,&quot;jet_parallax_layout_list&quot;:[]}\">\n\t\t\t\t\t\t<div class=\"elementor-container elementor-column-gap-default\">\n\t\t\t\t\t<div class=\"elementor-column elementor-col-100 elementor-top-column elementor-element elementor-element-f2b0c39\" data-id=\"f2b0c39\" data-element_type=\"column\">\n\t\t\t<div class=\"elementor-widget-wrap elementor-element-populated\">\n\t\t\t\t\t\t\t\t<div class=\"elementor-element elementor-element-cd0879e animated-slow elementor-invisible elementor-widget elementor-widget-text-editor\" data-id=\"cd0879e\" data-element_type=\"widget\" data-settings=\"{&quot;_animation&quot;:&quot;fadeInUp&quot;}\" data-widget_type=\"text-editor.default\">\n\t\t\t\t<div class=\"elementor-widget-container\">\n\t\t\t<style>\/*! elementor - v3.16.0 - 09-10-2023 *\/\n.elementor-widget-text-editor.elementor-drop-cap-view-stacked .elementor-drop-cap{background-color:#69727d;color:#fff}.elementor-widget-text-editor.elementor-drop-cap-view-framed .elementor-drop-cap{color:#69727d;border:3px solid;background-color:transparent}.elementor-widget-text-editor:not(.elementor-drop-cap-view-default) .elementor-drop-cap{margin-top:8px}.elementor-widget-text-editor:not(.elementor-drop-cap-view-default) .elementor-drop-cap-letter{width:1em;height:1em}.elementor-widget-text-editor .elementor-drop-cap{float:left;text-align:center;line-height:1;font-size:50px}.elementor-widget-text-editor .elementor-drop-cap-letter{display:inline-block}<\/style>\t\t\t\t<h1>POL\u00cdTICA DE PRIVACIDAD<\/h1>\n\t\t\t\t\t\t<\/div>\n\t\t\t\t<\/div>\n\t\t\t\t<div class=\"elementor-element elementor-element-9767cd5 elementor-widget-divider--view-line elementor-widget elementor-widget-divider\" data-id=\"9767cd5\" data-element_type=\"widget\" data-widget_type=\"divider.default\">\n\t\t\t\t<div class=\"elementor-widget-container\">\n\t\t\t<style>\/*! elementor - v3.16.0 - 09-10-2023 *\/\n.elementor-widget-divider{--divider-border-style:none;--divider-border-width:1px;--divider-color:#0c0d0e;--divider-icon-size:20px;--divider-element-spacing:10px;--divider-pattern-height:24px;--divider-pattern-size:20px;--divider-pattern-url:none;--divider-pattern-repeat:repeat-x}.elementor-widget-divider .elementor-divider{display:flex}.elementor-widget-divider .elementor-divider__text{font-size:15px;line-height:1;max-width:95%}.elementor-widget-divider .elementor-divider__element{margin:0 var(--divider-element-spacing);flex-shrink:0}.elementor-widget-divider .elementor-icon{font-size:var(--divider-icon-size)}.elementor-widget-divider .elementor-divider-separator{display:flex;margin:0;direction:ltr}.elementor-widget-divider--view-line_icon .elementor-divider-separator,.elementor-widget-divider--view-line_text .elementor-divider-separator{align-items:center}.elementor-widget-divider--view-line_icon .elementor-divider-separator:after,.elementor-widget-divider--view-line_icon .elementor-divider-separator:before,.elementor-widget-divider--view-line_text .elementor-divider-separator:after,.elementor-widget-divider--view-line_text .elementor-divider-separator:before{display:block;content:\"\";border-bottom:0;flex-grow:1;border-top:var(--divider-border-width) var(--divider-border-style) var(--divider-color)}.elementor-widget-divider--element-align-left .elementor-divider .elementor-divider-separator>.elementor-divider__svg:first-of-type{flex-grow:0;flex-shrink:100}.elementor-widget-divider--element-align-left .elementor-divider-separator:before{content:none}.elementor-widget-divider--element-align-left .elementor-divider__element{margin-left:0}.elementor-widget-divider--element-align-right .elementor-divider .elementor-divider-separator>.elementor-divider__svg:last-of-type{flex-grow:0;flex-shrink:100}.elementor-widget-divider--element-align-right .elementor-divider-separator:after{content:none}.elementor-widget-divider--element-align-right .elementor-divider__element{margin-right:0}.elementor-widget-divider:not(.elementor-widget-divider--view-line_text):not(.elementor-widget-divider--view-line_icon) .elementor-divider-separator{border-top:var(--divider-border-width) var(--divider-border-style) var(--divider-color)}.elementor-widget-divider--separator-type-pattern{--divider-border-style:none}.elementor-widget-divider--separator-type-pattern.elementor-widget-divider--view-line .elementor-divider-separator,.elementor-widget-divider--separator-type-pattern:not(.elementor-widget-divider--view-line) .elementor-divider-separator:after,.elementor-widget-divider--separator-type-pattern:not(.elementor-widget-divider--view-line) .elementor-divider-separator:before,.elementor-widget-divider--separator-type-pattern:not([class*=elementor-widget-divider--view]) .elementor-divider-separator{width:100%;min-height:var(--divider-pattern-height);-webkit-mask-size:var(--divider-pattern-size) 100%;mask-size:var(--divider-pattern-size) 100%;-webkit-mask-repeat:var(--divider-pattern-repeat);mask-repeat:var(--divider-pattern-repeat);background-color:var(--divider-color);-webkit-mask-image:var(--divider-pattern-url);mask-image:var(--divider-pattern-url)}.elementor-widget-divider--no-spacing{--divider-pattern-size:auto}.elementor-widget-divider--bg-round{--divider-pattern-repeat:round}.rtl .elementor-widget-divider .elementor-divider__text{direction:rtl}.e-con-inner>.elementor-widget-divider,.e-con>.elementor-widget-divider{width:var(--container-widget-width,100%);--flex-grow:var(--container-widget-flex-grow)}<\/style>\t\t<div class=\"elementor-divider\">\n\t\t\t<span class=\"elementor-divider-separator\">\n\t\t\t\t\t\t<\/span>\n\t\t<\/div>\n\t\t\t\t<\/div>\n\t\t\t\t<\/div>\n\t\t\t\t<div class=\"elementor-element elementor-element-c1fdd53 legal-pages elementor-widget elementor-widget-text-editor\" data-id=\"c1fdd53\" data-element_type=\"widget\" data-widget_type=\"text-editor.default\">\n\t\t\t\t<div class=\"elementor-widget-container\">\n\t\t\t\t\t\t\t<ol><li><strong>INFORMACI\u00d3N AL USUARIO<\/strong><\/li><\/ol><p><strong>Ruminteriors<\/strong>, como Responsable del Tratamiento informa, seg\u00fan lo dispuesto en el Reglamento (UE) 2016\/679, de 27 de abril, (RGPD) y en la L.O. 3\/2018, de 5 de diciembre, de protecci\u00f3n de datos y garant\u00eda de los derechos digitales (LOPDGDD), trataremos sus datos tal y como reflejamos en la presente Pol\u00edtica de Privacidad.<\/p><p>En esta pol\u00edtica de privacidad describimos c\u00f3mo recogemos sus datos personales y por qu\u00e9 los recogemos, qu\u00e9 hacemos con ellos, con quien los compartimos, c\u00f3mo los protegemos y sus opciones en lo que se refiere al tratamiento de sus datos personales.<\/p><p>Esta Pol\u00edtica se aplica al tratamiento de sus datos personales recogidos por la empresa para la prestaci\u00f3n de sus servicios. Si acepta las medidas de esta Pol\u00edtica, acepta que tratemos sus datos personales como se define en esta Pol\u00edtica.<\/p><ol start=\"2\"><li><p><strong>CONTACTO<\/strong><\/p><\/li><\/ol><ul><li><strong>Denominaci\u00f3n social:<\/strong> Ruminteriors<\/li><li><strong>Denominaci\u00f3n comercial:<\/strong> Ruminteriors<\/li><li><strong>Domicilio:<\/strong> Carrer del Vall, 5, 4rt, 08221, Terrassa<\/li><li><strong>e-mail:<\/strong> <a href=\"mailto:info@ruminteriors.com\" target=\"_blank\" rel=\"noopener noreferrer nofollow\">info@ruminteriors.com<\/a><\/li><\/ul><ol start=\"3\"><li><p><strong>PRINCIPIOS CLAVE<\/strong><\/p><\/li><\/ol><p>Siempre hemos estado comprometidos con prestar nuestros servicios con el mayor grado de calidad, lo que incluye tratar sus datos con seguridad y transparencia. Nuestros principios son:<\/p><ul><li><strong>Legalidad:<\/strong> S\u00f3lo recopilaremos sus Datos personales para fines espec\u00edficos, expl\u00edcitos y leg\u00edtimos.<\/li><li><strong>Minimizaci\u00f3n de datos:<\/strong> Limitamos la recogida de datos de car\u00e1cter personal a lo estrictamente relevante y necesario para los fines para los que se han recopilado.<\/li><li><strong>Limitaci\u00f3n de la finalidad:<\/strong> S\u00f3lo recogeremos sus datos personales para las finalidades declaradas y s\u00f3lo seg\u00fan sus deseos.<\/li><li><strong>Precisi\u00f3n:<\/strong> Mantendremos sus datos personales exactos y actualizados.<\/li><li><strong>Seguridad de los datos:<\/strong> Aplicamos las medidas t\u00e9cnicas y organizativas adecuadas y proporcionales a los riesgos para garantizar que sus datos no sufran da\u00f1os, tales como divulgaci\u00f3n o acceso no autorizado, la destrucci\u00f3n accidental o il\u00edcita o la p\u00e9rdida accidental o alteraci\u00f3n y cualquier otra forma de tratamiento il\u00edcito.<\/li><li><strong>Acceso y rectificaci\u00f3n:<\/strong> Disponemos de medios para que acceda o rectifique sus datos cuando lo considere oportuno.<\/li><li><strong>Conservaci\u00f3n:<\/strong> Conservamos sus datos personales de forma legal y apropiada y s\u00f3lo mientras es necesario para los fines para los que se han recopilado.<\/li><li><strong>Las transferencias internacionales:<\/strong> cuando se d\u00e9 el caso de que sus datos deban ser transferidos fuera de la UE\/EEE se proteger\u00e1n adecuadamente.<\/li><li><strong>Terceros:<\/strong> El acceso y transferencia de datos personales a terceros se llevan a cabo de acuerdo con las leyes y reglamentos aplicables y con las garant\u00edas contractuales adecuadas.<\/li><li><strong>Marketing directo y cookies:<\/strong> Cumplimos con la legislaci\u00f3n aplicable en materia de publicidad y cookies.<\/li><\/ul><ol start=\"4\"><li><p><strong>RECOGIDA Y TRATAMIENTO DE SUS DATOS PERSONALES<\/strong><\/p><\/li><\/ol><p>Los tipos de datos que se pueden solicitar y tratar son:<\/p><ul><li>Datos de car\u00e1cter identificativo.<\/li><li>Tambi\u00e9n recopilamos de forma autom\u00e1tica datos sobre su visita a nuestro sitio web seg\u00fan se describe en la pol\u00edtica de cookies.<\/li><li>Siempre que solicitemos sus datos personales, le informaremos con claridad de qu\u00e9 datos personales recogemos y con qu\u00e9 finalidad. Por lo general, recogemos y tratamos sus datos personales con el prop\u00f3sito de:<ul><li>Proporcionar informaci\u00f3n, servicios, productos, informaci\u00f3n relevante y novedades en el sector.<\/li><li>Env\u00edo de comunicaciones.<\/li><\/ul><\/li><\/ul><ol start=\"5\"><li><p><strong>LEGITIMIDAD<\/strong><\/p><\/li><\/ol><p>De acuerdo con la normativa de protecci\u00f3n de datos aplicable, sus datos personales podr\u00e1n tratarse siempre que:<\/p><ul><li>Ens ha donat el seu consentiment a l&#8217;efecte del tractament. Per descomptat podr\u00e0 retirar el seu consentiment en qualsevol moment.<\/li><li>Por requerimiento legal.<\/li><li>Por existir un inter\u00e9s leg\u00edtimo que no se vea menoscabado por sus derechos de privacidad, tales como el env\u00edo de informaci\u00f3n comercial bien por suscripci\u00f3n a nuestra newsletter o por su condici\u00f3n de cliente.<\/li><li>Por ser necesaria para la prestaci\u00f3n de alguno de nuestros servicios mediante relaci\u00f3n contractual entre usted y nosotros.<\/li><\/ul><ol start=\"6\"><li><p><strong>COMUNICACI\u00d3N DE DATOS PERSONALES<\/strong><\/p><\/li><\/ol><p>Los datos pueden ser comunicados a empresas relacionadas con Ruminteriors para la prestaci\u00f3n de los diversos servicios en calidad de Encargados de Tratamiento. La empresa no realizar\u00e1 ninguna cesi\u00f3n, salvo por obligaci\u00f3n legal.<\/p><ol start=\"7\"><li><p><strong>SUS DERECHOS<\/strong><\/p><\/li><\/ol><p>En relaci\u00f3n con la recogida y tratamiento de sus datos personales, puede ponerse en contacto con nosotros en cualquier momento por:<\/p><ul><li>Acceder a sus datos personales y a cualquier otra informaci\u00f3n indicada en el art\u00edculo 15.1 del RGPD.<\/li><li>Rectificar sus datos personales que sean inexactos o est\u00e9n incompletos de acuerdo con el art\u00edculo 16 del RGPD.<\/li><li>Suprimir sus datos personales de acuerdo con el art\u00edculo 17 del RGPD.<\/li><li>Limitar el tratamiento de sus datos personales de acuerdo con el art\u00edculo 18 del RGPD.<\/li><li>Solicitar la portabilidad de sus datos de acuerdo con el art\u00edculo 20 del RGPD.<\/li><li>Oponerse al tratamiento de sus datos personales de acuerdo con el art\u00edculo 21 del RGPD.<\/li><li>Si hubiera otorgado su consentimiento para alguna finalidad concreta, tendr\u00e1 derecho a retirar el consentimiento otorgado en cualquier momento, sin que ello afecte a la licitud del tratamiento basado en el consentimiento previo a su retirada.<\/li><li>Puede ejercitar estos derechos enviando comunicaci\u00f3n, motivada y acreditada, a <a href=\"mailto:info@ruminteriors.com\" target=\"_blank\" rel=\"noopener noreferrer nofollow\">info@ruminteriors.com<\/a><\/li><li>Tambi\u00e9n tiene derecho a presentar reclamaci\u00f3n ante la Autoridad de control competente (<a href=\"http:\/\/www.aepd.es\" target=\"_blank\" rel=\"noopener noreferrer nofollow\">www.aepd.es<\/a>) si considera que el tratamiento no se ajusta a la normativa vigente.<\/li><\/ul><ol start=\"8\"><li><p><strong>INFORMACI\u00d3N LEGAL<\/strong><\/p><\/li><\/ol><p>Los requisitos de esta Pol\u00edtica complementan, y no reemplazan, cualquier otro requisito existente bajo la ley de protecci\u00f3n de datos aplicable, que ser\u00e1 la que prevalezca en cualquier caso.<\/p><p>Esta pol\u00edtica est\u00e1 sujeta a revisiones peri\u00f3dicas y la empresa puede modificarla en cualquier momento. Cuando esto ocurra, le avisaremos de cualquier cambio y le pediremos que vuelva a leer la versi\u00f3n m\u00e1s reciente de nuestra Pol\u00edtica y que confirme su aceptaci\u00f3n.<\/p>\t\t\t\t\t\t<\/div>\n\t\t\t\t<\/div>\n\t\t\t\t\t<\/div>\n\t\t<\/div>\n\t\t\t\t\t\t\t<\/div>\n\t\t<\/section>\n\t\t\t\t\t\t\t<\/div>\n\t\t","protected":false},"excerpt":{"rendered":"<p>POL\u00cdTICA DE PRIVACIDAD INFORMACI\u00d3N AL USUARIO Ruminteriors, como Responsable del Tratamiento informa, seg\u00fan lo dispuesto en el Reglamento (UE) 2016\/679, de 27 de abril, (RGPD) y en la L.O. 3\/2018, de 5 de diciembre, de protecci\u00f3n de datos y garant\u00eda de los derechos digitales (LOPDGDD), trataremos sus datos tal y como reflejamos en la presente [&hellip;]<\/p>\n","protected":false},"author":1,"featured_media":0,"parent":0,"menu_order":0,"comment_status":"closed","ping_status":"closed","template":"","meta":{"site-sidebar-layout":"default","site-content-layout":"","ast-site-content-layout":"default","site-content-style":"default","site-sidebar-style":"default","ast-global-header-display":"","ast-banner-title-visibility":"","ast-main-header-display":"","ast-hfb-above-header-display":"","ast-hfb-below-header-display":"","ast-hfb-mobile-header-display":"","site-post-title":"disabled","ast-breadcrumbs-content":"","ast-featured-img":"","footer-sml-layout":"","theme-transparent-header-meta":"","adv-header-id-meta":"","stick-header-meta":"","header-above-stick-meta":"","header-main-stick-meta":"","header-below-stick-meta":"","astra-migrate-meta-layouts":"default","ast-page-background-enabled":"default","ast-page-background-meta":{"desktop":{"background-color":"var(--ast-global-color-4)","background-image":"","background-repeat":"repeat","background-position":"center center","background-size":"auto","background-attachment":"scroll","background-type":"","background-media":"","overlay-type":"","overlay-color":"","overlay-opacity":"","overlay-gradient":""},"tablet":{"background-color":"","background-image":"","background-repeat":"repeat","background-position":"center center","background-size":"auto","background-attachment":"scroll","background-type":"","background-media":"","overlay-type":"","overlay-color":"","overlay-opacity":"","overlay-gradient":""},"mobile":{"background-color":"","background-image":"","background-repeat":"repeat","background-position":"center center","background-size":"auto","background-attachment":"scroll","background-type":"","background-media":"","overlay-type":"","overlay-color":"","overlay-opacity":"","overlay-gradient":""}},"ast-content-background-meta":{"desktop":{"background-color":"var(--ast-global-color-5)","background-image":"","background-repeat":"repeat","background-position":"center center","background-size":"auto","background-attachment":"scroll","background-type":"","background-media":"","overlay-type":"","overlay-color":"","overlay-opacity":"","overlay-gradient":""},"tablet":{"background-color":"var(--ast-global-color-5)","background-image":"","background-repeat":"repeat","background-position":"center center","background-size":"auto","background-attachment":"scroll","background-type":"","background-media":"","overlay-type":"","overlay-color":"","overlay-opacity":"","overlay-gradient":""},"mobile":{"background-color":"var(--ast-global-color-5)","background-image":"","background-repeat":"repeat","background-position":"center center","background-size":"auto","background-attachment":"scroll","background-type":"","background-media":"","overlay-type":"","overlay-color":"","overlay-opacity":"","overlay-gradient":""}},"footnotes":""},"class_list":["post-1428","page","type-page","status-publish","hentry"],"yoast_head":"<!-- This site is optimized with the Yoast SEO plugin v23.0 - https:\/\/yoast.com\/wordpress\/plugins\/seo\/ -->\n<title>Pol\u00edtica de privacidad - Ruminteriors<\/title>\n<meta name=\"robots\" content=\"noindex, nofollow\" \/>\n<meta property=\"og:locale\" content=\"es_ES\" \/>\n<meta property=\"og:type\" content=\"article\" \/>\n<meta property=\"og:title\" content=\"Pol\u00edtica de privacidad - Ruminteriors\" \/>\n<meta property=\"og:description\" content=\"POL\u00cdTICA DE PRIVACIDAD INFORMACI\u00d3N AL USUARIO Ruminteriors, como Responsable del Tratamiento informa, seg\u00fan lo dispuesto en el Reglamento (UE) 2016\/679, de 27 de abril, (RGPD) y en la L.O. 3\/2018, de 5 de diciembre, de protecci\u00f3n de datos y garant\u00eda de los derechos digitales (LOPDGDD), trataremos sus datos tal y como reflejamos en la presente [&hellip;]\" \/>\n<meta property=\"og:url\" content=\"https:\/\/ruminteriors.com\/es\/politica-de-privacidad\/\" \/>\n<meta property=\"og:site_name\" content=\"Ruminteriors\" \/>\n<meta property=\"article:modified_time\" content=\"2024-11-12T11:16:06+00:00\" \/>\n<meta name=\"twitter:card\" content=\"summary_large_image\" \/>\n<meta name=\"twitter:label1\" content=\"Tiempo de lectura\" \/>\n\t<meta name=\"twitter:data1\" content=\"5 minutos\" \/>\n<script type=\"application\/ld+json\" class=\"yoast-schema-graph\">{\"@context\":\"https:\/\/schema.org\",\"@graph\":[{\"@type\":\"WebPage\",\"@id\":\"https:\/\/ruminteriors.com\/es\/politica-de-privacidad\/\",\"url\":\"https:\/\/ruminteriors.com\/es\/politica-de-privacidad\/\",\"name\":\"Pol\u00edtica de privacidad - Ruminteriors\",\"isPartOf\":{\"@id\":\"https:\/\/ruminteriors.com\/#website\"},\"datePublished\":\"2022-06-30T01:31:43+00:00\",\"dateModified\":\"2024-11-12T11:16:06+00:00\",\"breadcrumb\":{\"@id\":\"https:\/\/ruminteriors.com\/es\/politica-de-privacidad\/#breadcrumb\"},\"inLanguage\":\"es\",\"potentialAction\":[{\"@type\":\"ReadAction\",\"target\":[\"https:\/\/ruminteriors.com\/es\/politica-de-privacidad\/\"]}]},{\"@type\":\"BreadcrumbList\",\"@id\":\"https:\/\/ruminteriors.com\/es\/politica-de-privacidad\/#breadcrumb\",\"itemListElement\":[{\"@type\":\"ListItem\",\"position\":1,\"name\":\"Home\",\"item\":\"https:\/\/ruminteriors.com\/\"},{\"@type\":\"ListItem\",\"position\":2,\"name\":\"Pol\u00edtica de privacidad\"}]},{\"@type\":\"WebSite\",\"@id\":\"https:\/\/ruminteriors.com\/#website\",\"url\":\"https:\/\/ruminteriors.com\/\",\"name\":\"Ruminteriors\",\"description\":\"\",\"potentialAction\":[{\"@type\":\"SearchAction\",\"target\":{\"@type\":\"EntryPoint\",\"urlTemplate\":\"https:\/\/ruminteriors.com\/?s={search_term_string}\"},\"query-input\":\"required name=search_term_string\"}],\"inLanguage\":\"es\"}]}<\/script>\n<!-- \/ Yoast SEO plugin. -->","yoast_head_json":{"title":"Pol\u00edtica de privacidad - Ruminteriors","robots":{"index":"noindex","follow":"nofollow"},"og_locale":"es_ES","og_type":"article","og_title":"Pol\u00edtica de privacidad - Ruminteriors","og_description":"POL\u00cdTICA DE PRIVACIDAD INFORMACI\u00d3N AL USUARIO Ruminteriors, como Responsable del Tratamiento informa, seg\u00fan lo dispuesto en el Reglamento (UE) 2016\/679, de 27 de abril, (RGPD) y en la L.O. 3\/2018, de 5 de diciembre, de protecci\u00f3n de datos y garant\u00eda de los derechos digitales (LOPDGDD), trataremos sus datos tal y como reflejamos en la presente [&hellip;]","og_url":"https:\/\/ruminteriors.com\/es\/politica-de-privacidad\/","og_site_name":"Ruminteriors","article_modified_time":"2024-11-12T11:16:06+00:00","twitter_card":"summary_large_image","twitter_misc":{"Tiempo de lectura":"5 minutos"},"schema":{"@context":"https:\/\/schema.org","@graph":[{"@type":"WebPage","@id":"https:\/\/ruminteriors.com\/es\/politica-de-privacidad\/","url":"https:\/\/ruminteriors.com\/es\/politica-de-privacidad\/","name":"Pol\u00edtica de privacidad - Ruminteriors","isPartOf":{"@id":"https:\/\/ruminteriors.com\/#website"},"datePublished":"2022-06-30T01:31:43+00:00","dateModified":"2024-11-12T11:16:06+00:00","breadcrumb":{"@id":"https:\/\/ruminteriors.com\/es\/politica-de-privacidad\/#breadcrumb"},"inLanguage":"es","potentialAction":[{"@type":"ReadAction","target":["https:\/\/ruminteriors.com\/es\/politica-de-privacidad\/"]}]},{"@type":"BreadcrumbList","@id":"https:\/\/ruminteriors.com\/es\/politica-de-privacidad\/#breadcrumb","itemListElement":[{"@type":"ListItem","position":1,"name":"Home","item":"https:\/\/ruminteriors.com\/"},{"@type":"ListItem","position":2,"name":"Pol\u00edtica de privacidad"}]},{"@type":"WebSite","@id":"https:\/\/ruminteriors.com\/#website","url":"https:\/\/ruminteriors.com\/","name":"Ruminteriors","description":"","potentialAction":[{"@type":"SearchAction","target":{"@type":"EntryPoint","urlTemplate":"https:\/\/ruminteriors.com\/?s={search_term_string}"},"query-input":"required name=search_term_string"}],"inLanguage":"es"}]}},"_links":{"self":[{"href":"https:\/\/ruminteriors.com\/es\/wp-json\/wp\/v2\/pages\/1428","targetHints":{"allow":["GET"]}}],"collection":[{"href":"https:\/\/ruminteriors.com\/es\/wp-json\/wp\/v2\/pages"}],"about":[{"href":"https:\/\/ruminteriors.com\/es\/wp-json\/wp\/v2\/types\/page"}],"author":[{"embeddable":true,"href":"https:\/\/ruminteriors.com\/es\/wp-json\/wp\/v2\/users\/1"}],"replies":[{"embeddable":true,"href":"https:\/\/ruminteriors.com\/es\/wp-json\/wp\/v2\/comments?post=1428"}],"version-history":[{"count":23,"href":"https:\/\/ruminteriors.com\/es\/wp-json\/wp\/v2\/pages\/1428\/revisions"}],"predecessor-version":[{"id":9079,"href":"https:\/\/ruminteriors.com\/es\/wp-json\/wp\/v2\/pages\/1428\/revisions\/9079"}],"wp:attachment":[{"href":"https:\/\/ruminteriors.com\/es\/wp-json\/wp\/v2\/media?parent=1428"}],"curies":[{"name":"wp","href":"https:\/\/api.w.org\/{rel}","templated":true}]}}